{"id":712,"date":"2025-02-05T11:39:43","date_gmt":"2025-02-05T11:39:43","guid":{"rendered":"https:\/\/www.ultralight-sonic.ro\/?post_type=product&#038;p=712"},"modified":"2025-02-05T11:39:43","modified_gmt":"2025-02-05T11:39:43","slug":"iks12a","status":"publish","type":"product","link":"https:\/\/www.ultralight-sonic.ro\/en\/product\/iks12a\/","title":{"rendered":"IKS12A"},"content":{"rendered":"<ul>\n<li>&#8211; Nuestro IKS12A es un subwoofer activo basado en Altavoz de neodimio de 12\u201d que ofrece 600w de poder.<\/li>\n<li>&#8211; Su peque\u00f1o tama\u00f1o y bajo peso hace es un socio ideal para algunos de nuestros sat\u00e9lites altavoces como MAK3P, OXI50P o FORCE H105P.<\/li>\n<li>&#8211; IKS12A es un subwoofer activo que ofrece 600 W de potencia empaquetados en una caja de tama\u00f1o muy peque\u00f1o y un peso muy reducido de tan solo 15 kg.<\/li>\n<li>&#8211; Est\u00e1 equipado con dos canales, con un amplificador de clase D controlado por nuestro DSP y con 4 presets programados.<\/li>\n<\/ul>","protected":false},"excerpt":{"rendered":"<p>Un subwoofer \u201cinteligente\u201d de 12\u2033 con la potencia de un amplificador de clase D de 2 canales de 700W @ 8 Ohm, el IKS12A permite varias configuraciones diferentes en combinaci\u00f3n con parlantes pasivos de Unka Sound, como altavoces de medios-altos, columnas de arreglo lineal enteras u otros subwoofers pasivos para reforzar las frecuencias medias-bajas.<\/p>\n<p>Aunque es el m\u00e1s peque\u00f1o de la l\u00ednea, el IKS12A tiene la misma potencia de procesamiento que los otros subwoofer, haciendo que sea ideal para aplicaciones que requieren poco impacto visual pero un gran sonido.<\/p>","protected":false},"featured_media":714,"template":"","meta":{"_acf_changed":false},"product_brand":[59],"product_cat":[49],"product_tag":[189,192,190,191],"class_list":{"0":"post-712","1":"product","2":"type-product","3":"status-publish","4":"has-post-thumbnail","6":"product_brand-unka-sound-systems","7":"product_cat-subwoofers-2","8":"product_tag-iks12a","9":"product_tag-iks12a-ultralight-sonic","10":"product_tag-iks12a-unka-sound","11":"product_tag-iks12a-unka-sound-romania","13":"first","14":"instock","15":"shipping-taxable","16":"product-type-simple"},"acf":[],"yoast_head":"<!-- This site is optimized with the Yoast SEO plugin v24.4 - https:\/\/yoast.com\/wordpress\/plugins\/seo\/ -->\n<title>IKS12A - Ultra Light Sonic Arad<\/title>\n<meta name=\"robots\" content=\"index, follow, max-snippet:-1, max-image-preview:large, max-video-preview:-1\" \/>\n<link rel=\"canonical\" href=\"https:\/\/www.ultralight-sonic.ro\/en\/product\/iks12a\/\" \/>\n<meta property=\"og:locale\" content=\"en_US\" \/>\n<meta property=\"og:type\" content=\"article\" \/>\n<meta property=\"og:title\" content=\"IKS12A - Ultra Light Sonic Arad\" \/>\n<meta property=\"og:description\" content=\"Un subwoofer \u201cinteligente\u201d de 12\u2033 con la potencia de un amplificador de clase D de 2 canales de 700W @ 8 Ohm, el IKS12A permite varias configuraciones diferentes en combinaci\u00f3n con parlantes pasivos de Unka Sound, como altavoces de medios-altos, columnas de arreglo lineal enteras u otros subwoofers pasivos para reforzar las frecuencias medias-bajas.  Aunque es el m\u00e1s peque\u00f1o de la l\u00ednea, el IKS12A tiene la misma potencia de procesamiento que los otros subwoofer, haciendo que sea ideal para aplicaciones que requieren poco impacto visual pero un gran sonido.\" \/>\n<meta property=\"og:url\" content=\"https:\/\/www.ultralight-sonic.ro\/en\/product\/iks12a\/\" \/>\n<meta property=\"og:site_name\" content=\"Ultra Light Sonic Arad\" \/>\n<meta property=\"article:publisher\" content=\"https:\/\/www.facebook.com\/Ultralightsonic\/\" \/>\n<meta property=\"og:image\" content=\"https:\/\/www.ultralight-sonic.ro\/wp-content\/uploads\/2025\/02\/IKS12A-.png\" \/>\n\t<meta property=\"og:image:width\" content=\"1300\" \/>\n\t<meta property=\"og:image:height\" content=\"1000\" \/>\n\t<meta property=\"og:image:type\" content=\"image\/png\" \/>\n<meta name=\"twitter:card\" content=\"summary_large_image\" \/>\n<script type=\"application\/ld+json\" class=\"yoast-schema-graph\">{\"@context\":\"https:\/\/schema.org\",\"@graph\":[{\"@type\":\"WebPage\",\"@id\":\"https:\/\/www.ultralight-sonic.ro\/produs\/iks12a\/\",\"url\":\"https:\/\/www.ultralight-sonic.ro\/produs\/iks12a\/\",\"name\":\"IKS12A - Ultra Light Sonic Arad\",\"isPartOf\":{\"@id\":\"https:\/\/www.ultralight-sonic.ro\/#website\"},\"primaryImageOfPage\":{\"@id\":\"https:\/\/www.ultralight-sonic.ro\/produs\/iks12a\/#primaryimage\"},\"image\":{\"@id\":\"https:\/\/www.ultralight-sonic.ro\/produs\/iks12a\/#primaryimage\"},\"thumbnailUrl\":\"https:\/\/www.ultralight-sonic.ro\/wp-content\/uploads\/2025\/02\/IKS12A-.png\",\"datePublished\":\"2025-02-05T11:39:43+00:00\",\"breadcrumb\":{\"@id\":\"https:\/\/www.ultralight-sonic.ro\/produs\/iks12a\/#breadcrumb\"},\"inLanguage\":\"en-US\",\"potentialAction\":[{\"@type\":\"ReadAction\",\"target\":[\"https:\/\/www.ultralight-sonic.ro\/produs\/iks12a\/\"]}]},{\"@type\":\"ImageObject\",\"inLanguage\":\"en-US\",\"@id\":\"https:\/\/www.ultralight-sonic.ro\/produs\/iks12a\/#primaryimage\",\"url\":\"https:\/\/www.ultralight-sonic.ro\/wp-content\/uploads\/2025\/02\/IKS12A-.png\",\"contentUrl\":\"https:\/\/www.ultralight-sonic.ro\/wp-content\/uploads\/2025\/02\/IKS12A-.png\",\"width\":1300,\"height\":1000},{\"@type\":\"BreadcrumbList\",\"@id\":\"https:\/\/www.ultralight-sonic.ro\/produs\/iks12a\/#breadcrumb\",\"itemListElement\":[{\"@type\":\"ListItem\",\"position\":1,\"name\":\"Prima pagin\u0103\",\"item\":\"https:\/\/www.ultralight-sonic.ro\/\"},{\"@type\":\"ListItem\",\"position\":2,\"name\":\"Magazin\",\"item\":\"https:\/\/www.ultralight-sonic.ro\/magazin\/\"},{\"@type\":\"ListItem\",\"position\":3,\"name\":\"IKS12A\"}]},{\"@type\":\"WebSite\",\"@id\":\"https:\/\/www.ultralight-sonic.ro\/#website\",\"url\":\"https:\/\/www.ultralight-sonic.ro\/\",\"name\":\"Ultra Light Sonic Arad\",\"description\":\"Distribuitor Unka Sound Systems \u00een Romania\",\"publisher\":{\"@id\":\"https:\/\/www.ultralight-sonic.ro\/#organization\"},\"potentialAction\":[{\"@type\":\"SearchAction\",\"target\":{\"@type\":\"EntryPoint\",\"urlTemplate\":\"https:\/\/www.ultralight-sonic.ro\/?s={search_term_string}\"},\"query-input\":{\"@type\":\"PropertyValueSpecification\",\"valueRequired\":true,\"valueName\":\"search_term_string\"}}],\"inLanguage\":\"en-US\"},{\"@type\":\"Organization\",\"@id\":\"https:\/\/www.ultralight-sonic.ro\/#organization\",\"name\":\"Ultra Light Sonic Arad\",\"url\":\"https:\/\/www.ultralight-sonic.ro\/\",\"logo\":{\"@type\":\"ImageObject\",\"inLanguage\":\"en-US\",\"@id\":\"https:\/\/www.ultralight-sonic.ro\/#\/schema\/logo\/image\/\",\"url\":\"https:\/\/www.ultralight-sonic.ro\/wp-content\/uploads\/2025\/02\/LOGO-ULTRALIGHT-ALB.png\",\"contentUrl\":\"https:\/\/www.ultralight-sonic.ro\/wp-content\/uploads\/2025\/02\/LOGO-ULTRALIGHT-ALB.png\",\"width\":822,\"height\":218,\"caption\":\"Ultra Light Sonic Arad\"},\"image\":{\"@id\":\"https:\/\/www.ultralight-sonic.ro\/#\/schema\/logo\/image\/\"},\"sameAs\":[\"https:\/\/www.facebook.com\/Ultralightsonic\/\",\"https:\/\/www.youtube.com\/@ultralightsonicunkasound\"]}]}<\/script>\n<!-- \/ Yoast SEO plugin. -->","yoast_head_json":{"title":"IKS12A - Ultra Light Sonic Arad","robots":{"index":"index","follow":"follow","max-snippet":"max-snippet:-1","max-image-preview":"max-image-preview:large","max-video-preview":"max-video-preview:-1"},"canonical":"https:\/\/www.ultralight-sonic.ro\/en\/product\/iks12a\/","og_locale":"en_US","og_type":"article","og_title":"IKS12A - Ultra Light Sonic Arad","og_description":"Un subwoofer \u201cinteligente\u201d de 12\u2033 con la potencia de un amplificador de clase D de 2 canales de 700W @ 8 Ohm, el IKS12A permite varias configuraciones diferentes en combinaci\u00f3n con parlantes pasivos de Unka Sound, como altavoces de medios-altos, columnas de arreglo lineal enteras u otros subwoofers pasivos para reforzar las frecuencias medias-bajas.  Aunque es el m\u00e1s peque\u00f1o de la l\u00ednea, el IKS12A tiene la misma potencia de procesamiento que los otros subwoofer, haciendo que sea ideal para aplicaciones que requieren poco impacto visual pero un gran sonido.","og_url":"https:\/\/www.ultralight-sonic.ro\/en\/product\/iks12a\/","og_site_name":"Ultra Light Sonic Arad","article_publisher":"https:\/\/www.facebook.com\/Ultralightsonic\/","og_image":[{"width":1300,"height":1000,"url":"https:\/\/www.ultralight-sonic.ro\/wp-content\/uploads\/2025\/02\/IKS12A-.png","type":"image\/png"}],"twitter_card":"summary_large_image","schema":{"@context":"https:\/\/schema.org","@graph":[{"@type":"WebPage","@id":"https:\/\/www.ultralight-sonic.ro\/produs\/iks12a\/","url":"https:\/\/www.ultralight-sonic.ro\/produs\/iks12a\/","name":"IKS12A - Ultra Light Sonic Arad","isPartOf":{"@id":"https:\/\/www.ultralight-sonic.ro\/#website"},"primaryImageOfPage":{"@id":"https:\/\/www.ultralight-sonic.ro\/produs\/iks12a\/#primaryimage"},"image":{"@id":"https:\/\/www.ultralight-sonic.ro\/produs\/iks12a\/#primaryimage"},"thumbnailUrl":"https:\/\/www.ultralight-sonic.ro\/wp-content\/uploads\/2025\/02\/IKS12A-.png","datePublished":"2025-02-05T11:39:43+00:00","breadcrumb":{"@id":"https:\/\/www.ultralight-sonic.ro\/produs\/iks12a\/#breadcrumb"},"inLanguage":"en-US","potentialAction":[{"@type":"ReadAction","target":["https:\/\/www.ultralight-sonic.ro\/produs\/iks12a\/"]}]},{"@type":"ImageObject","inLanguage":"en-US","@id":"https:\/\/www.ultralight-sonic.ro\/produs\/iks12a\/#primaryimage","url":"https:\/\/www.ultralight-sonic.ro\/wp-content\/uploads\/2025\/02\/IKS12A-.png","contentUrl":"https:\/\/www.ultralight-sonic.ro\/wp-content\/uploads\/2025\/02\/IKS12A-.png","width":1300,"height":1000},{"@type":"BreadcrumbList","@id":"https:\/\/www.ultralight-sonic.ro\/produs\/iks12a\/#breadcrumb","itemListElement":[{"@type":"ListItem","position":1,"name":"Prima pagin\u0103","item":"https:\/\/www.ultralight-sonic.ro\/"},{"@type":"ListItem","position":2,"name":"Magazin","item":"https:\/\/www.ultralight-sonic.ro\/magazin\/"},{"@type":"ListItem","position":3,"name":"IKS12A"}]},{"@type":"WebSite","@id":"https:\/\/www.ultralight-sonic.ro\/#website","url":"https:\/\/www.ultralight-sonic.ro\/","name":"Ultra Light Sonic Arad","description":"Distribuitor Unka Sound Systems \u00een Romania","publisher":{"@id":"https:\/\/www.ultralight-sonic.ro\/#organization"},"potentialAction":[{"@type":"SearchAction","target":{"@type":"EntryPoint","urlTemplate":"https:\/\/www.ultralight-sonic.ro\/?s={search_term_string}"},"query-input":{"@type":"PropertyValueSpecification","valueRequired":true,"valueName":"search_term_string"}}],"inLanguage":"en-US"},{"@type":"Organization","@id":"https:\/\/www.ultralight-sonic.ro\/#organization","name":"Ultra Light Sonic Arad","url":"https:\/\/www.ultralight-sonic.ro\/","logo":{"@type":"ImageObject","inLanguage":"en-US","@id":"https:\/\/www.ultralight-sonic.ro\/#\/schema\/logo\/image\/","url":"https:\/\/www.ultralight-sonic.ro\/wp-content\/uploads\/2025\/02\/LOGO-ULTRALIGHT-ALB.png","contentUrl":"https:\/\/www.ultralight-sonic.ro\/wp-content\/uploads\/2025\/02\/LOGO-ULTRALIGHT-ALB.png","width":822,"height":218,"caption":"Ultra Light Sonic Arad"},"image":{"@id":"https:\/\/www.ultralight-sonic.ro\/#\/schema\/logo\/image\/"},"sameAs":["https:\/\/www.facebook.com\/Ultralightsonic\/","https:\/\/www.youtube.com\/@ultralightsonicunkasound"]}]}},"_links":{"self":[{"href":"https:\/\/www.ultralight-sonic.ro\/en\/wp-json\/wp\/v2\/product\/712","targetHints":{"allow":["GET"]}}],"collection":[{"href":"https:\/\/www.ultralight-sonic.ro\/en\/wp-json\/wp\/v2\/product"}],"about":[{"href":"https:\/\/www.ultralight-sonic.ro\/en\/wp-json\/wp\/v2\/types\/product"}],"wp:featuredmedia":[{"embeddable":true,"href":"https:\/\/www.ultralight-sonic.ro\/en\/wp-json\/wp\/v2\/media\/714"}],"wp:attachment":[{"href":"https:\/\/www.ultralight-sonic.ro\/en\/wp-json\/wp\/v2\/media?parent=712"}],"wp:term":[{"taxonomy":"product_brand","embeddable":true,"href":"https:\/\/www.ultralight-sonic.ro\/en\/wp-json\/wp\/v2\/product_brand?post=712"},{"taxonomy":"product_cat","embeddable":true,"href":"https:\/\/www.ultralight-sonic.ro\/en\/wp-json\/wp\/v2\/product_cat?post=712"},{"taxonomy":"product_tag","embeddable":true,"href":"https:\/\/www.ultralight-sonic.ro\/en\/wp-json\/wp\/v2\/product_tag?post=712"}],"curies":[{"name":"wp","href":"https:\/\/api.w.org\/{rel}","templated":true}]}}