{"id":3,"date":"2025-01-29T10:41:06","date_gmt":"2025-01-29T10:41:06","guid":{"rendered":"https:\/\/www.ultralight-sonic.ro\/?page_id=3"},"modified":"2025-02-04T10:27:26","modified_gmt":"2025-02-04T10:27:26","slug":"politica-de-confidentialitate","status":"publish","type":"page","link":"https:\/\/www.ultralight-sonic.ro\/en\/politica-de-confidentialitate\/","title":{"rendered":"privacy policy"},"content":{"rendered":"<p><strong>Politica de Confiden\u021bialitate<\/strong><\/p><p>Ultima actualizare: [04.02.2025]<\/p><p>SC ULTRALIGHTSONIC SRL, \u00een calitate de unic distribuitor \u00een Rom\u00e2nia al produselor Unka Sound Systems \u0219i furnizor de servicii de \u00eenchiriere echipamente pentru evenimente prin intermediul site-ului <a>www.ultralight-sonic.ro<\/a>, respect\u0103 confiden\u021bialitatea vizitatorilor \u0219i nu colecteaz\u0103 date personale de la ace\u0219tia.<\/p><h3 class=\"wp-block-heading\">1. Colectarea \u0219i utilizarea datelor personale<\/h3><p>Site-ul <a>www.ultralight-sonic.ro<\/a> nu colecteaz\u0103 date personale prin formulare, conturi de utilizator sau alte mijloace electronice. Contactul cu clien\u021bii se realizeaz\u0103 exclusiv prin apel telefonic, iar ofertele de pre\u021b sunt comunicate direct prin aceast\u0103 metod\u0103.<\/p><h3 class=\"wp-block-heading\">2. Cookies \u0219i tehnologii similare<\/h3><p>Site-ul poate utiliza cookie-uri strict necesare pentru func\u021bionarea corect\u0103 a paginilor, f\u0103r\u0103 a colecta informa\u021bii care identific\u0103 utilizatorii.<\/p><h3 class=\"wp-block-heading\">3. Drepturile utilizatorilor<\/h3><p>Deoarece nu colect\u0103m date personale, utilizatorii nu sunt supu\u0219i prelucr\u0103rii datelor conform GDPR. Dac\u0103 \u00een viitor vor fi implementate metode de colectare a datelor, politica de confiden\u021bialitate va fi actualizat\u0103 corespunz\u0103tor.<\/p><h3 class=\"wp-block-heading\">4. Contact<\/h3><p>Pentru orice \u00eentreb\u0103ri legate de aceast\u0103 politic\u0103, ne pute\u021bi contacta la:<\/p><p><strong>SC ULTRALIGHTSONIC SRL<\/strong><br>Telefon: <a href=\"tel:0722491496\" data-type=\"tel\" data-id=\"tel:0722491496\">0722 491 496\u00a0<\/a><br>Email: <a href=\"mailto:g_claudiu2005@yahoo.com\">g_claudiu2005@yahoo.com<\/a><br><\/p><p><\/p>","protected":false},"excerpt":{"rendered":"<p>Politica de Confiden\u021bialitate Ultima actualizare: [04.02.2025] SC ULTRALIGHTSONIC SRL, \u00een calitate de unic distribuitor \u00een Rom\u00e2nia al produselor Unka Sound Systems \u0219i furnizor de servicii de \u00eenchiriere echipamente pentru evenimente prin intermediul site-ului www.ultralight-sonic.ro, respect\u0103 confiden\u021bialitatea vizitatorilor \u0219i nu colecteaz\u0103 date personale de la ace\u0219tia. 1. Colectarea \u0219i utilizarea datelor personale Site-ul www.ultralight-sonic.ro nu colecteaz\u0103 [&hellip;]<\/p>\n","protected":false},"author":1,"featured_media":0,"parent":0,"menu_order":0,"comment_status":"closed","ping_status":"closed","template":"","meta":{"_acf_changed":false,"footnotes":""},"class_list":["post-3","page","type-page","status-publish","hentry"],"acf":[],"yoast_head":"<!-- This site is optimized with the Yoast SEO plugin v24.4 - https:\/\/yoast.com\/wordpress\/plugins\/seo\/ -->\n<title>Politica de confiden\u021bialitate - Ultra Light Sonic Arad<\/title>\n<meta name=\"robots\" content=\"index, follow, max-snippet:-1, max-image-preview:large, max-video-preview:-1\" \/>\n<link rel=\"canonical\" href=\"https:\/\/www.ultralight-sonic.ro\/en\/politica-de-confidentialitate\/\" \/>\n<meta property=\"og:locale\" content=\"en_US\" \/>\n<meta property=\"og:type\" content=\"article\" \/>\n<meta property=\"og:title\" content=\"Politica de confiden\u021bialitate - Ultra Light Sonic Arad\" \/>\n<meta property=\"og:description\" content=\"Politica de Confiden\u021bialitate Ultima actualizare: [04.02.2025] SC ULTRALIGHTSONIC SRL, \u00een calitate de unic distribuitor \u00een Rom\u00e2nia al produselor Unka Sound Systems \u0219i furnizor de servicii de \u00eenchiriere echipamente pentru evenimente prin intermediul site-ului www.ultralight-sonic.ro, respect\u0103 confiden\u021bialitatea vizitatorilor \u0219i nu colecteaz\u0103 date personale de la ace\u0219tia. 1. Colectarea \u0219i utilizarea datelor personale Site-ul www.ultralight-sonic.ro nu colecteaz\u0103 [&hellip;]\" \/>\n<meta property=\"og:url\" content=\"https:\/\/www.ultralight-sonic.ro\/en\/politica-de-confidentialitate\/\" \/>\n<meta property=\"og:site_name\" content=\"Ultra Light Sonic Arad\" \/>\n<meta property=\"article:publisher\" content=\"https:\/\/www.facebook.com\/Ultralightsonic\/\" \/>\n<meta property=\"article:modified_time\" content=\"2025-02-04T10:27:26+00:00\" \/>\n<meta name=\"twitter:card\" content=\"summary_large_image\" \/>\n<meta name=\"twitter:label1\" content=\"Est. reading time\" \/>\n\t<meta name=\"twitter:data1\" content=\"1 minute\" \/>\n<script type=\"application\/ld+json\" class=\"yoast-schema-graph\">{\"@context\":\"https:\/\/schema.org\",\"@graph\":[{\"@type\":\"WebPage\",\"@id\":\"https:\/\/www.ultralight-sonic.ro\/politica-de-confidentialitate\/\",\"url\":\"https:\/\/www.ultralight-sonic.ro\/politica-de-confidentialitate\/\",\"name\":\"Politica de confiden\u021bialitate - Ultra Light Sonic Arad\",\"isPartOf\":{\"@id\":\"https:\/\/www.ultralight-sonic.ro\/#website\"},\"datePublished\":\"2025-01-29T10:41:06+00:00\",\"dateModified\":\"2025-02-04T10:27:26+00:00\",\"breadcrumb\":{\"@id\":\"https:\/\/www.ultralight-sonic.ro\/politica-de-confidentialitate\/#breadcrumb\"},\"inLanguage\":\"en-US\",\"potentialAction\":[{\"@type\":\"ReadAction\",\"target\":[\"https:\/\/www.ultralight-sonic.ro\/politica-de-confidentialitate\/\"]}]},{\"@type\":\"BreadcrumbList\",\"@id\":\"https:\/\/www.ultralight-sonic.ro\/politica-de-confidentialitate\/#breadcrumb\",\"itemListElement\":[{\"@type\":\"ListItem\",\"position\":1,\"name\":\"Prima pagin\u0103\",\"item\":\"https:\/\/www.ultralight-sonic.ro\/\"},{\"@type\":\"ListItem\",\"position\":2,\"name\":\"Politica de confiden\u021bialitate\"}]},{\"@type\":\"WebSite\",\"@id\":\"https:\/\/www.ultralight-sonic.ro\/#website\",\"url\":\"https:\/\/www.ultralight-sonic.ro\/\",\"name\":\"Ultra Light Sonic Arad\",\"description\":\"Distribuitor Unka Sound Systems \u00een Romania\",\"publisher\":{\"@id\":\"https:\/\/www.ultralight-sonic.ro\/#organization\"},\"potentialAction\":[{\"@type\":\"SearchAction\",\"target\":{\"@type\":\"EntryPoint\",\"urlTemplate\":\"https:\/\/www.ultralight-sonic.ro\/?s={search_term_string}\"},\"query-input\":{\"@type\":\"PropertyValueSpecification\",\"valueRequired\":true,\"valueName\":\"search_term_string\"}}],\"inLanguage\":\"en-US\"},{\"@type\":\"Organization\",\"@id\":\"https:\/\/www.ultralight-sonic.ro\/#organization\",\"name\":\"Ultra Light Sonic Arad\",\"url\":\"https:\/\/www.ultralight-sonic.ro\/\",\"logo\":{\"@type\":\"ImageObject\",\"inLanguage\":\"en-US\",\"@id\":\"https:\/\/www.ultralight-sonic.ro\/#\/schema\/logo\/image\/\",\"url\":\"https:\/\/www.ultralight-sonic.ro\/wp-content\/uploads\/2025\/02\/LOGO-ULTRALIGHT-ALB.png\",\"contentUrl\":\"https:\/\/www.ultralight-sonic.ro\/wp-content\/uploads\/2025\/02\/LOGO-ULTRALIGHT-ALB.png\",\"width\":822,\"height\":218,\"caption\":\"Ultra Light Sonic Arad\"},\"image\":{\"@id\":\"https:\/\/www.ultralight-sonic.ro\/#\/schema\/logo\/image\/\"},\"sameAs\":[\"https:\/\/www.facebook.com\/Ultralightsonic\/\",\"https:\/\/www.youtube.com\/@ultralightsonicunkasound\"]}]}<\/script>\n<!-- \/ Yoast SEO plugin. -->","yoast_head_json":{"title":"Politica de confiden\u021bialitate - Ultra Light Sonic Arad","robots":{"index":"index","follow":"follow","max-snippet":"max-snippet:-1","max-image-preview":"max-image-preview:large","max-video-preview":"max-video-preview:-1"},"canonical":"https:\/\/www.ultralight-sonic.ro\/en\/politica-de-confidentialitate\/","og_locale":"en_US","og_type":"article","og_title":"Politica de confiden\u021bialitate - Ultra Light Sonic Arad","og_description":"Politica de Confiden\u021bialitate Ultima actualizare: [04.02.2025] SC ULTRALIGHTSONIC SRL, \u00een calitate de unic distribuitor \u00een Rom\u00e2nia al produselor Unka Sound Systems \u0219i furnizor de servicii de \u00eenchiriere echipamente pentru evenimente prin intermediul site-ului www.ultralight-sonic.ro, respect\u0103 confiden\u021bialitatea vizitatorilor \u0219i nu colecteaz\u0103 date personale de la ace\u0219tia. 1. Colectarea \u0219i utilizarea datelor personale Site-ul www.ultralight-sonic.ro nu colecteaz\u0103 [&hellip;]","og_url":"https:\/\/www.ultralight-sonic.ro\/en\/politica-de-confidentialitate\/","og_site_name":"Ultra Light Sonic Arad","article_publisher":"https:\/\/www.facebook.com\/Ultralightsonic\/","article_modified_time":"2025-02-04T10:27:26+00:00","twitter_card":"summary_large_image","twitter_misc":{"Est. reading time":"1 minute"},"schema":{"@context":"https:\/\/schema.org","@graph":[{"@type":"WebPage","@id":"https:\/\/www.ultralight-sonic.ro\/politica-de-confidentialitate\/","url":"https:\/\/www.ultralight-sonic.ro\/politica-de-confidentialitate\/","name":"Politica de confiden\u021bialitate - Ultra Light Sonic Arad","isPartOf":{"@id":"https:\/\/www.ultralight-sonic.ro\/#website"},"datePublished":"2025-01-29T10:41:06+00:00","dateModified":"2025-02-04T10:27:26+00:00","breadcrumb":{"@id":"https:\/\/www.ultralight-sonic.ro\/politica-de-confidentialitate\/#breadcrumb"},"inLanguage":"en-US","potentialAction":[{"@type":"ReadAction","target":["https:\/\/www.ultralight-sonic.ro\/politica-de-confidentialitate\/"]}]},{"@type":"BreadcrumbList","@id":"https:\/\/www.ultralight-sonic.ro\/politica-de-confidentialitate\/#breadcrumb","itemListElement":[{"@type":"ListItem","position":1,"name":"Prima pagin\u0103","item":"https:\/\/www.ultralight-sonic.ro\/"},{"@type":"ListItem","position":2,"name":"Politica de confiden\u021bialitate"}]},{"@type":"WebSite","@id":"https:\/\/www.ultralight-sonic.ro\/#website","url":"https:\/\/www.ultralight-sonic.ro\/","name":"Ultra Light Sonic Arad","description":"Distribuitor Unka Sound Systems \u00een Romania","publisher":{"@id":"https:\/\/www.ultralight-sonic.ro\/#organization"},"potentialAction":[{"@type":"SearchAction","target":{"@type":"EntryPoint","urlTemplate":"https:\/\/www.ultralight-sonic.ro\/?s={search_term_string}"},"query-input":{"@type":"PropertyValueSpecification","valueRequired":true,"valueName":"search_term_string"}}],"inLanguage":"en-US"},{"@type":"Organization","@id":"https:\/\/www.ultralight-sonic.ro\/#organization","name":"Ultra Light Sonic Arad","url":"https:\/\/www.ultralight-sonic.ro\/","logo":{"@type":"ImageObject","inLanguage":"en-US","@id":"https:\/\/www.ultralight-sonic.ro\/#\/schema\/logo\/image\/","url":"https:\/\/www.ultralight-sonic.ro\/wp-content\/uploads\/2025\/02\/LOGO-ULTRALIGHT-ALB.png","contentUrl":"https:\/\/www.ultralight-sonic.ro\/wp-content\/uploads\/2025\/02\/LOGO-ULTRALIGHT-ALB.png","width":822,"height":218,"caption":"Ultra Light Sonic Arad"},"image":{"@id":"https:\/\/www.ultralight-sonic.ro\/#\/schema\/logo\/image\/"},"sameAs":["https:\/\/www.facebook.com\/Ultralightsonic\/","https:\/\/www.youtube.com\/@ultralightsonicunkasound"]}]}},"_links":{"self":[{"href":"https:\/\/www.ultralight-sonic.ro\/en\/wp-json\/wp\/v2\/pages\/3","targetHints":{"allow":["GET"]}}],"collection":[{"href":"https:\/\/www.ultralight-sonic.ro\/en\/wp-json\/wp\/v2\/pages"}],"about":[{"href":"https:\/\/www.ultralight-sonic.ro\/en\/wp-json\/wp\/v2\/types\/page"}],"author":[{"embeddable":true,"href":"https:\/\/www.ultralight-sonic.ro\/en\/wp-json\/wp\/v2\/users\/1"}],"replies":[{"embeddable":true,"href":"https:\/\/www.ultralight-sonic.ro\/en\/wp-json\/wp\/v2\/comments?post=3"}],"version-history":[{"count":2,"href":"https:\/\/www.ultralight-sonic.ro\/en\/wp-json\/wp\/v2\/pages\/3\/revisions"}],"predecessor-version":[{"id":419,"href":"https:\/\/www.ultralight-sonic.ro\/en\/wp-json\/wp\/v2\/pages\/3\/revisions\/419"}],"wp:attachment":[{"href":"https:\/\/www.ultralight-sonic.ro\/en\/wp-json\/wp\/v2\/media?parent=3"}],"curies":[{"name":"wp","href":"https:\/\/api.w.org\/{rel}","templated":true}]}}